{"id":22,"date":"2023-03-13T19:33:26","date_gmt":"2023-03-13T18:33:26","guid":{"rendered":"https:\/\/fragolaapartments.pl\/?page_id=22"},"modified":"2023-08-24T12:51:58","modified_gmt":"2023-08-24T10:51:58","slug":"rodo","status":"publish","type":"page","link":"https:\/\/fragolaapartments.pl\/de\/rodo\/","title":{"rendered":"Rodo"},"content":{"rendered":"<ol>\n<li>In dieser Datenschutzerkl\u00e4rung werden die Grunds\u00e4tze f\u00fcr die Verarbeitung und den Schutz der personenbezogenen Daten dargelegt, die von der<br \/>\na. die Nutzer in Bezug auf die Nutzung der auf der Website angebotenen Dienste\u00a0<b>Fragola Wohnungen.<\/b>\u00a0(im Folgenden: Dienstleistung)<br \/>\nb. G\u00e4ste der von Fragola Apartments verwalteten Hotelanlagen<\/li>\n<li>Der f\u00fcr die Verarbeitung der personenbezogenen Daten Verantwortliche ist\u00a0<b>Fragola Apartments Pawe\u0142 Jaworek sp\u00f3\u0142ka komandytowa<\/b>,\u00a0<b>\u015aw. Jana 2\/6, 31-018 Krak\u00f3w<\/b>\u00a0eingetragen im Register der Unternehmer unter der Nummer\u00a0<b>NIP: PL6762632492<\/b>\u00a0(nachstehend: ADO).<\/li>\n<li>Um die Sicherheit der ihr anvertrauten personenbezogenen Daten zu gew\u00e4hrleisten, arbeitet die ADO auf der Grundlage interner Verfahren und Empfehlungen unter Einhaltung der einschl\u00e4gigen Rechtsakte zum Schutz personenbezogener Daten, insbesondere der Verordnung (EU) 2016\/679 des Europ\u00e4ischen Parlaments und des Rates vom 27. April 2016 zum Schutz nat\u00fcrlicher Personen bei der Verarbeitung personenbezogener Daten, zum freien Datenverkehr und zur Aufhebung der Richtlinie 95\/46\/EG.<\/li>\n<li>Die Anti-Doping-Organisation achtet mit besonderer Sorgfalt auf den Schutz der Interessen der betroffenen Personen und stellt insbesondere sicher, dass personenbezogene Daten gesch\u00fctzt werden:\n<ol type=\"a\">\n<li>im Einklang mit dem Gesetz verarbeitet werden,<\/li>\n<li>f\u00fcr festgelegte, rechtm\u00e4\u00dfige Zwecke erhoben und nicht einer mit diesen Zwecken unvereinbaren Weiterverarbeitung unterzogen werden,<\/li>\n<li>Im Wesentlichen richtig und angemessen in Bezug auf die Zwecke, f\u00fcr die sie verarbeitet werden,<\/li>\n<li>in einer Form aufbewahrt werden, die die Identifizierung der betroffenen Personen erm\u00f6glicht, und zwar nicht l\u00e4nger, als es f\u00fcr die Erreichung des Zwecks der Verarbeitung erforderlich ist.<\/li>\n<\/ol>\n<\/li>\n<li>ADO f\u00fchrt Funktionen aus, um Informationen \u00fcber Nutzer und ihr Verhalten zu erhalten, indem sie freiwillig Informationen in Formulare eingeben, um:\n<ol type=\"a\">\n<li>zur Beantwortung von Nutzeranfragen, die \u00fcber das Kontaktformular gestellt werden, auf der Grundlage von Artikel 6 Absatz 1 Buchstabe f des Datenschutzgesetzes,<\/li>\n<li>die Annahme einer Buchung \u00fcber das Online-Buchungssystem auf der Grundlage von Artikel 6 Absatz 1 Buchstabe b der DSGVO,<\/li>\n<li>die Erbringung der von ADO erbrachten Dienstleistungen auf der Grundlage von Artikel 6 Absatz 1 Buchstabe b der RODO,<\/li>\n<li>Marketing, einschlie\u00dflich der Zusendung kommerzieller Informationen an eine E-Mail-Adresse, wenn der Kunde dem durch Ankreuzen des entsprechenden K\u00e4stchens im Buchungsprozess auf der Grundlage von Artikel 6 Absatz 1 Buchstabe a der ADO zugestimmt hat. Die Einwilligung in die Verarbeitung von Daten zu Marketingzwecken und die Zusendung von Werbeinformationen kann durch Anklicken des entsprechenden Links in der erhaltenen Nachricht oder durch Senden einer entsprechenden Anfrage an die E-Mail-Adresse von ADO widerrufen werden,<\/li>\n<li>zur Verfolgung des berechtigten Interesses der ADO in bestimmten F\u00e4llen auf der Grundlage von Artikel 6 Absatz 1 Buchstabe f der RODO, z. B. bei der Eintreibung von Forderungen,<\/li>\n<\/ol>\n<\/li>\n<li>Bei Ihrem ersten Besuch auf der Website\u00a0<b>Fragola Wohnungen.<\/b>\u00a0werden Sie \u00fcber die Verwendung von Cookies informiert. Durch den Verbleib auf der Website akzeptiert der Nutzer die Verwendung von Cookies auf der Website. \u00c4ndert der Nutzer die Einstellungen seines Browsers nicht, so ist dies gleichbedeutend mit der Zustimmung zur Verwendung von Cookies.<\/li>\n<li>Sie werden Ihre Cookie-Einstellungen \u00e4ndern, wenn Sie Ihre Sitzung auf der ADO-Website neu starten oder aktualisieren.<\/li>\n<li>Die Installation von \"Cookies, die f\u00fcr die grundlegende Funktionalit\u00e4t der Website erforderlich sind\", ist f\u00fcr das ordnungsgem\u00e4\u00dfe Funktionieren von j notwendig, insbesondere f\u00fcr die Authentifizierung.<\/li>\n<li>Sie k\u00f6nnen die f\u00fcr den Betrieb der Website erforderlichen Cookies \u00e4ndern, indem Sie die Einstellungen Ihres Browsers \u00e4ndern, wobei Sie bedenken sollten, dass eine \u00c4nderung der Einstellungen zu einer fehlerhaften Funktion der Website f\u00fchren kann.<\/li>\n<li>Weitere Informationen zu Cookies finden Sie im Abschnitt \"Hilfe\" des Browser-Men\u00fcs des Nutzers.<\/li>\n<li>Nutzer, die nach Konsultation der auf der Website verf\u00fcgbaren Informationen nicht w\u00fcnschen, dass die Cookies auf dem Webbrowser ihres Ger\u00e4ts gespeichert bleiben, sollten sie nach ihrem Besuch der Website aus ihrem Browser l\u00f6schen.Die folgenden Arten von Cookies werden auf der Website verwendet:\n<ol type=\"a\">\n<li>Sitzung - bleiben in Ihrem Browser, bis Sie ihn ausschalten oder sich von der Website abmelden,<\/li>\n<li>permanent - sie verbleiben im Webbrowser des Ger\u00e4ts, bis der Nutzer sie l\u00f6scht, oder bis zu einer in den Parametern des Cookies festgelegten Zeit.<\/li>\n<\/ol>\n<\/li>\n<li>Was die Funktionalit\u00e4t der einzelnen Cookies betrifft, so lassen sie sich in folgende Kategorien unterteilen:\n<ol type=\"a\">\n<li>Analysedateien, die dazu beitragen, das Nutzererlebnis zu verbessern, indem sie Aufschluss dar\u00fcber geben, wie die Nutzer die Website nutzen und konvertieren,<\/li>\n<li>Marketingdateien, die zur Personalisierung von Werbeinhalten, zur gezielten Ansprache und zur Analyse der Leistung von Marketing- und Vertriebskan\u00e4len verwendet werden,<\/li>\n<li>wesentliche Dateien, d.h. Dateien, die f\u00fcr die Grundfunktionalit\u00e4t der Website grundlegend sind.<\/li>\n<\/ol>\n<\/li>\n<li>Die von uns verwendeten Cookies erm\u00f6glichen uns die Entwicklung unserer Website.<\/li>\n<li>Einige Cookies k\u00f6nnen vom Anbieter des Online-Buchungssystems ausschlie\u00dflich zu diesem Zweck gesetzt werden:\n<ol type=\"a\">\n<li>Verbesserung und Unterst\u00fctzung des Buchungsprozesses,<\/li>\n<li>um statistische Daten \u00fcber die Nutzung der Website und des Online-Buchungssystems zu analysieren und zu sammeln, um diese zu verbessern,<\/li>\n<li>der Anbieter des Online-Reservierungssystems informiert die Benutzeroberfl\u00e4che des Online-Reservierungssystems \u00fcber die installierten Cookies<\/li>\n<\/ol>\n<\/li>\n<li>ADO kann die automatisierte Entscheidungsfindung, einschlie\u00dflich Profiling, f\u00fcr Marketingzwecke (einschlie\u00dflich der automatisierten Abstimmung von Werbung auf Ihre Interessen und der Messung ihrer Wirksamkeit) und die Anpassung des Angebots auf der Grundlage von Artikel 6 Absatz 1 Buchstabe a des Datenschutzgesetzes nutzen.<\/li>\n<li>Empf\u00e4nger personenbezogener Daten k\u00f6nnen gesetzlich zugelassene Beh\u00f6rden, Institutionen und Einrichtungen sowie Einrichtungen sein, die Dienstleistungen f\u00fcr ADO erbringen (z. B. Rechts-, IT-, Marketing- und Buchhaltungsdienste sowie andere Einrichtungen, die an der Erbringung der angeforderten Dienstleistung beteiligt sind).<\/li>\n<li>Wir verwenden die folgenden Analyseinstrumente:<\/li>\n<li>Wir verwenden die folgenden Marketinginstrumente:<br \/>\nGoogle Ads - um herauszufinden, wie Google Ihre pers\u00f6nlichen Daten verarbeitet, besuchen Sie: https:\/\/policies.google.com\/technologies\/partner-sites?hl=pl<\/li>\n<li>Die von der ADO verarbeiteten Daten stehen dem Nutzer des Dienstes, der sie \u00fcbermittelt hat, zur Einsicht zur Verf\u00fcgung. Der Nutzer hat auch das Recht, diese Daten zu \u00e4ndern, ihre L\u00f6schung zu verlangen und die Verarbeitung seiner personenbezogenen Daten jederzeit einzuschr\u00e4nken oder zu beenden. Der Nutzer kann auch jederzeit die L\u00f6schung seiner personenbezogenen Daten aus dem Dienst verlangen. Das Recht auf Daten\u00fcbertragbarkeit gilt nicht, da es keinen etablierten Standard f\u00fcr den Austausch solcher Daten zwischen Hotelanlagen gibt.<\/li>\n<li>Um seine oben genannten Rechte auszu\u00fcben, muss der Nutzer des Dienstes ADO \u00fcber die gleiche E-Mail-Adresse oder Telefonnummer kontaktieren, die er dem Dienst zur Verf\u00fcgung gestellt hat:\u00a0<b>reception@fragolaapartments.com<\/b><\/li>\n<li>Der Nutzer des Dienstes hat das Recht, seine Einwilligung jederzeit zu widerrufen, ohne dass die Rechtm\u00e4\u00dfigkeit der aufgrund der Einwilligung vor deren Widerruf erfolgten Verarbeitung ber\u00fchrt wird, indem er sich direkt an ADO wendet oder, im Falle der Technologie, die\u00a0<a id=\"innvnj\" href=\"https:\/\/fragolaapartments.pl\/de\/fragola\/rodo\/\">Cookie-Einstellungen.<\/a><\/li>\n<li>Jeder Nutzer des Dienstes kann eine Beschwerde bei der Datenschutzbeh\u00f6rde einreichen.<\/li>\n<li>Die Website kann Links zu anderen Websites enthalten, die unabh\u00e4ngig von der Website funktionieren und in keiner Weise von der Website \u00fcberwacht werden. Diese Websites k\u00f6nnen ihre eigenen Datenschutzrichtlinien und -bestimmungen haben, die wir Ihnen empfehlen, sorgf\u00e4ltig zu lesen.<\/li>\n<li>ADO beh\u00e4lt sich das Recht vor, die Datenschutzpolitik der Website zu \u00e4ndern, was durch Entwicklungen in der Internettechnologie, m\u00f6gliche \u00c4nderungen im Datenschutzrecht und die Entwicklung der Website bedingt sein kann. Wir werden die Nutzer in einer sichtbaren und verst\u00e4ndlichen Weise \u00fcber alle \u00c4nderungen informieren.<\/li>\n<\/ol>","protected":false},"excerpt":{"rendered":"<p>In dieser Datenschutzerkl\u00e4rung werden die Grunds\u00e4tze f\u00fcr die Verarbeitung und den Schutz personenbezogener Daten dargelegt, die von a. den Nutzern im Zusammenhang mit der Inanspruchnahme der von der Website der Fragola Apartments angebotenen Dienstleistungen bereitgestellt werden. (im Folgenden: Website) b. G\u00e4ste der von Fragola Apartments verwalteten Hoteleinrichtungen Der Verwalter der personenbezogenen Daten ist Fragola Apartments Pawe\u0142 Jaworek sp\u00f3\u0142ka komandytowa, \u015aw. Jana 2\/6, 31-018 Krak\u00f3w, eingetragen im Unternehmerregister unter NIP: PL6762632492 (im Folgenden: [...].<\/p>","protected":false},"author":2,"featured_media":0,"parent":0,"menu_order":0,"comment_status":"closed","ping_status":"closed","template":"","meta":{"inline_featured_image":false,"footnotes":""},"class_list":["post-22","page","type-page","status-publish","hentry"],"acf":[],"_links":{"self":[{"href":"https:\/\/fragolaapartments.pl\/de\/wp-json\/wp\/v2\/pages\/22","targetHints":{"allow":["GET"]}}],"collection":[{"href":"https:\/\/fragolaapartments.pl\/de\/wp-json\/wp\/v2\/pages"}],"about":[{"href":"https:\/\/fragolaapartments.pl\/de\/wp-json\/wp\/v2\/types\/page"}],"author":[{"embeddable":true,"href":"https:\/\/fragolaapartments.pl\/de\/wp-json\/wp\/v2\/users\/2"}],"replies":[{"embeddable":true,"href":"https:\/\/fragolaapartments.pl\/de\/wp-json\/wp\/v2\/comments?post=22"}],"version-history":[{"count":3,"href":"https:\/\/fragolaapartments.pl\/de\/wp-json\/wp\/v2\/pages\/22\/revisions"}],"predecessor-version":[{"id":6686,"href":"https:\/\/fragolaapartments.pl\/de\/wp-json\/wp\/v2\/pages\/22\/revisions\/6686"}],"wp:attachment":[{"href":"https:\/\/fragolaapartments.pl\/de\/wp-json\/wp\/v2\/media?parent=22"}],"curies":[{"name":"wp","href":"https:\/\/api.w.org\/{rel}","templated":true}]}}